{"id":24091,"date":"2025-10-22T05:03:28","date_gmt":"2025-10-22T05:03:28","guid":{"rendered":"https:\/\/saharamotorsdz.com\/?page_id=24091"},"modified":"2025-11-01T05:50:28","modified_gmt":"2025-11-01T05:50:28","slug":"conditions-dutilisation","status":"publish","type":"page","link":"https:\/\/rhodium-motorsdz.com\/ar\/conditions-dutilisation\/","title":{"rendered":"\u0634\u0631\u0648\u0637 \u0648\u0623\u062d\u0643\u0627\u0645 \u0627\u0644\u0627\u0633\u062a\u062e\u062f\u0627\u0645"},"content":{"rendered":"<div data-elementor-type=\"wp-page\" data-elementor-id=\"24091\" class=\"elementor elementor-24091\">\n\t\t\t\t<div class=\"elementor-element elementor-element-a99b957 e-flex e-con-boxed e-con e-parent\" data-id=\"a99b957\" data-element_type=\"container\">\n\t\t\t\t\t<div class=\"e-con-inner\">\n\t\t\t\t<div class=\"elementor-element elementor-element-f7b3e37 elementor-widget elementor-widget-heading\" data-id=\"f7b3e37\" data-element_type=\"widget\" data-widget_type=\"heading.default\">\n\t\t\t\t\t<h1 class=\"elementor-heading-title elementor-size-default\">\u0634\u0631\u0648\u0637 \u0648\u0623\u062d\u0643\u0627\u0645 \u0627\u0644\u0627\u0633\u062a\u062e\u062f\u0627\u0645<\/h1>\t\t\t\t<\/div>\n\t\t\t\t<div class=\"elementor-element elementor-element-8909701 elementor-widget elementor-widget-text-editor\" data-id=\"8909701\" data-element_type=\"widget\" data-widget_type=\"text-editor.default\">\n\t\t\t\t\t\t\t\t\t<p data-start=\"4093\" data-end=\"4178\">\u0639\u0646 \u0637\u0631\u064a\u0642 \u0627\u0633\u062a\u062e\u062f\u0627\u0645 \u0627\u0644\u0645\u0648\u0642\u0639 <strong>\u0631\u0648\u062f\u064a\u0648\u0645 \u0645\u0648\u062a\u0648\u0631\u0632 \u0627\u0644\u062c\u0632\u0627\u0626\u0631<\/strong>\u060c \u0641\u0625\u0646\u0643 \u062a\u0648\u0627\u0641\u0642 \u0639\u0644\u0649 \u0627\u0644\u0634\u0631\u0648\u0637 \u0627\u0644\u062a\u0627\u0644\u064a\u0629:<\/p>\t\t\t\t\t\t\t\t<\/div>\n\t\t\t\t<div class=\"elementor-element elementor-element-0f4cf8d elementor-widget elementor-widget-text-editor\" data-id=\"0f4cf8d\" data-element_type=\"widget\" data-widget_type=\"text-editor.default\">\n\t\t\t\t\t\t\t\t\t<ol><li data-start=\"4180\" data-end=\"4283\"><strong data-start=\"4184\" data-end=\"4202\">\u0627\u0644\u0634\u0641\u0627\u0641\u064a\u0629:<\/strong><br data-start=\"4202\" data-end=\"4205\" \/>\u062c\u0645\u064a\u0639 \u0627\u0644\u0623\u0633\u0639\u0627\u0631 \u0648\u0627\u0644\u0645\u0648\u0627\u0635\u0641\u0627\u062a \u0645\u0639\u0631\u0648\u0636\u0629 \u0628\u0648\u0636\u0648\u062d. \u0644\u0627 \u062a\u0648\u062c\u062f \u0631\u0633\u0648\u0645 \u062e\u0641\u064a\u0629.<\/li><li data-start=\"4285\" data-end=\"4421\"><strong data-start=\"4289\" data-end=\"4319\">\u0627\u0644\u0637\u0644\u0628 \u0648\u0627\u0644\u062a\u0623\u0643\u064a\u062f:<\/strong><br data-start=\"4319\" data-end=\"4322\" \/>\u064a\u062a\u0637\u0644\u0628 \u062a\u0633\u062c\u064a\u0644 \u0627\u0644\u0637\u0644\u0628 \u0625\u0631\u0633\u0627\u0644 \u0635\u0648\u0631\u0629 \u0645\u0646 \u062c\u0648\u0627\u0632 \u0627\u0644\u0633\u0641\u0631 \u0648\u062f\u0641\u0639 \u0648\u062f\u064a\u0639\u0629 \u0628\u0646\u0633\u0628\u0629 20\u066a.<\/li><li data-start=\"4423\" data-end=\"4638\"><strong data-start=\"4427\" data-end=\"4441\">\u0642\u0633\u0637 :<\/strong><br data-start=\"4441\" data-end=\"4444\" \/>\u064a\u062c\u0628 \u0623\u0646 \u062a\u062a\u0645 \u0639\u0645\u0644\u064a\u0627\u062a \u0627\u0644\u062f\u0641\u0639 \u0645\u0646 \u062e\u0644\u0627\u0644 \u0627\u0644\u0642\u0646\u0648\u0627\u062a \u0627\u0644\u0631\u0633\u0645\u064a\u0629 \u0641\u0642\u0637 (\u0627\u0644\u062a\u062d\u0648\u064a\u0644 \u0627\u0644\u0628\u0646\u0643\u064a \u0623\u0648 \u0627\u0644\u062d\u0633\u0627\u0628 \u0627\u0644\u0628\u0631\u064a\u062f\u064a). <em data-start=\"4555\" data-end=\"4563\">\u0631\u0648\u062f\u064a\u0648\u0645 \u0645\u0648\u062a\u0648\u0631\u0632 \u0627\u0644\u062c\u0632\u0627\u0626\u0631<\/em> \u0644\u064a\u0633\u062a \u0645\u0633\u0624\u0648\u0644\u0629 \u0639\u0646 \u0627\u0644\u0645\u062f\u0641\u0648\u0639\u0627\u062a \u0627\u0644\u0645\u0642\u062f\u0645\u0629 \u0625\u0644\u0649 \u0623\u0637\u0631\u0627\u0641 \u062b\u0627\u0644\u062b\u0629 \u063a\u064a\u0631 \u0645\u0635\u0631\u062d \u0644\u0647\u0627.<\/li><li data-start=\"4640\" data-end=\"4782\"><strong data-start=\"4644\" data-end=\"4660\">\u0627\u0644\u0625\u0644\u063a\u0627\u0621 :<\/strong><br data-start=\"4660\" data-end=\"4663\" \/>\u064a\u0645\u0643\u0646 \u0625\u0644\u063a\u0627\u0621 \u0627\u0644\u0637\u0644\u0628 \u0642\u0628\u0644 \u0627\u0644\u0634\u062d\u0646. \u0628\u0639\u062f \u0627\u0644\u0634\u062d\u0646\u060c \u062a\u064f\u0637\u0628\u0642 \u0631\u0633\u0648\u0645 \u0644\u0648\u062c\u0633\u062a\u064a\u0629 \u0648\u062c\u0645\u0631\u0643\u064a\u0629.<\/li><li data-start=\"4784\" data-end=\"4953\"><strong data-start=\"4788\" data-end=\"4803\">\u062a\u0648\u0635\u064a\u0644 :<\/strong><br data-start=\"4803\" data-end=\"4806\" \/>\u0645\u062a\u0648\u0633\u0637 \u200b\u200b\u0645\u062f\u0629 \u0627\u0644\u062a\u0633\u0644\u064a\u0645 \u0645\u0646 \u0663\u0660 \u0625\u0644\u0649 \u0664\u0665 \u064a\u0648\u0645\u064b\u0627. \u0641\u064a \u062d\u0627\u0644 \u0648\u062c\u0648\u062f \u0623\u064a \u062a\u0623\u062e\u064a\u0631 \u0644\u0623\u0633\u0628\u0627\u0628 \u062e\u0627\u0631\u062c\u064a\u0629 (\u0627\u0644\u0646\u0642\u0644\u060c \u0627\u0644\u062c\u0645\u0627\u0631\u0643\u060c \u0627\u0644\u0637\u0642\u0633)\u060c \u0633\u064a\u062a\u0645 \u0625\u0628\u0644\u0627\u063a \u0627\u0644\u0639\u0645\u064a\u0644 \u0641\u0648\u0631\u064b\u0627.<\/li><li data-start=\"4955\" data-end=\"5074\"><strong data-start=\"4959\" data-end=\"4973\">\u064a\u0636\u0645\u0646 :<\/strong><br data-start=\"4973\" data-end=\"4976\" \/>\u062a\u0623\u062a\u064a \u0643\u0644 \u0645\u0631\u0643\u0628\u0629 \u0645\u0639 \u062a\u0642\u0631\u064a\u0631 \u0641\u062d\u0635 \u0645\u0641\u0635\u0644 \u064a\u062b\u0628\u062a \u062d\u0627\u0644\u062a\u0647\u0627 \u0627\u0644\u0645\u064a\u0643\u0627\u0646\u064a\u0643\u064a\u0629.<\/li><li data-start=\"5076\" data-end=\"5206\"><strong data-start=\"5080\" data-end=\"5108\">\u062d\u0645\u0627\u064a\u0629 \u0627\u0644\u0628\u064a\u0627\u0646\u0627\u062a:<\/strong><br data-start=\"5108\" data-end=\"5111\" \/>\u0645\u0639\u0644\u0648\u0645\u0627\u062a\u0643 \u0627\u0644\u0634\u062e\u0635\u064a\u0629 \u0633\u0631\u064a\u0629 \u062a\u0645\u0627\u0645\u064b\u0627 \u0648\u0644\u0646 \u062a\u062a\u0645 \u0645\u0634\u0627\u0631\u0643\u062a\u0647\u0627 \u0623\u0628\u062f\u064b\u0627.<\/li><\/ol>\t\t\t\t\t\t\t\t<\/div>\n\t\t<div class=\"elementor-element elementor-element-f7d3849 e-con-full e-flex e-con e-child\" data-id=\"f7d3849\" data-element_type=\"container\">\n\t\t\t\t<div class=\"elementor-element elementor-element-316cebc elementor-view-framed elementor-position-left elementor-shape-circle elementor-mobile-position-top elementor-widget elementor-widget-icon-box\" data-id=\"316cebc\" data-element_type=\"widget\" data-widget_type=\"icon-box.default\">\n\t\t\t\t\t\t\t<div class=\"elementor-icon-box-wrapper\">\n\n\t\t\t\t\t\t<div class=\"elementor-icon-box-icon\">\n\t\t\t\t<a href=\"mailto:Contact@saharamotorsdz.com\" class=\"elementor-icon\" tabindex=\"-1\">\n\t\t\t\t<svg aria-hidden=\"true\" class=\"e-font-icon-svg e-far-envelope\" viewbox=\"0 0 512 512\" xmlns=\"http:\/\/www.w3.org\/2000\/svg\"><path d=\"M464 64H48C21.49 64 0 85.49 0 112v288c0 26.51 21.49 48 48 48h416c26.51 0 48-21.49 48-48V112c0-26.51-21.49-48-48-48zm0 48v40.805c-22.422 18.259-58.168 46.651-134.587 106.49-16.841 13.247-50.201 45.072-73.413 44.701-23.208.375-56.579-31.459-73.413-44.701C106.18 199.465 70.425 171.067 48 152.805V112h416zM48 400V214.398c22.914 18.251 55.409 43.862 104.938 82.646 21.857 17.205 60.134 55.186 103.062 54.955 42.717.231 80.509-37.199 103.053-54.947 49.528-38.783 82.032-64.401 104.947-82.653V400H48z\"><\/path><\/svg>\t\t\t\t<\/a>\n\t\t\t<\/div>\n\t\t\t\n\t\t\t\n\t\t<\/div>\n\t\t\t\t\t\t<\/div>\n\t\t\t\t<div class=\"elementor-element elementor-element-bece50f elementor-view-framed elementor-position-left elementor-shape-circle elementor-mobile-position-top elementor-widget elementor-widget-icon-box\" data-id=\"bece50f\" data-element_type=\"widget\" data-widget_type=\"icon-box.default\">\n\t\t\t\t\t\t\t<div class=\"elementor-icon-box-wrapper\">\n\n\t\t\t\t\t\t<div class=\"elementor-icon-box-icon\">\n\t\t\t\t<a href=\"tel:+447786319007\" class=\"elementor-icon\" tabindex=\"-1\">\n\t\t\t\t<svg aria-hidden=\"true\" class=\"e-font-icon-svg e-fas-phone-volume\" viewbox=\"0 0 384 512\" xmlns=\"http:\/\/www.w3.org\/2000\/svg\"><path d=\"M97.333 506.966c-129.874-129.874-129.681-340.252 0-469.933 5.698-5.698 14.527-6.632 21.263-2.422l64.817 40.513a17.187 17.187 0 0 1 6.849 20.958l-32.408 81.021a17.188 17.188 0 0 1-17.669 10.719l-55.81-5.58c-21.051 58.261-20.612 122.471 0 179.515l55.811-5.581a17.188 17.188 0 0 1 17.669 10.719l32.408 81.022a17.188 17.188 0 0 1-6.849 20.958l-64.817 40.513a17.19 17.19 0 0 1-21.264-2.422zM247.126 95.473c11.832 20.047 11.832 45.008 0 65.055-3.95 6.693-13.108 7.959-18.718 2.581l-5.975-5.726c-3.911-3.748-4.793-9.622-2.261-14.41a32.063 32.063 0 0 0 0-29.945c-2.533-4.788-1.65-10.662 2.261-14.41l5.975-5.726c5.61-5.378 14.768-4.112 18.718 2.581zm91.787-91.187c60.14 71.604 60.092 175.882 0 247.428-4.474 5.327-12.53 5.746-17.552.933l-5.798-5.557c-4.56-4.371-4.977-11.529-.93-16.379 49.687-59.538 49.646-145.933 0-205.422-4.047-4.85-3.631-12.008.93-16.379l5.798-5.557c5.022-4.813 13.078-4.394 17.552.933zm-45.972 44.941c36.05 46.322 36.108 111.149 0 157.546-4.39 5.641-12.697 6.251-17.856 1.304l-5.818-5.579c-4.4-4.219-4.998-11.095-1.285-15.931 26.536-34.564 26.534-82.572 0-117.134-3.713-4.836-3.115-11.711 1.285-15.931l5.818-5.579c5.159-4.947 13.466-4.337 17.856 1.304z\"><\/path><\/svg>\t\t\t\t<\/a>\n\t\t\t<\/div>\n\t\t\t\n\t\t\t\n\t\t<\/div>\n\t\t\t\t\t\t<\/div>\n\t\t\t\t<div class=\"elementor-element elementor-element-aa14fc4 vehica-social-profiles-mobile-block elementor-widget elementor-widget-vehica_social_profiles_general_widget\" data-id=\"aa14fc4\" data-element_type=\"widget\" data-settings=\"{&quot;vehica_social_profiles_text_align_mobile&quot;:&quot;center&quot;}\" data-widget_type=\"vehica_social_profiles_general_widget.default\">\n\t\t\t\t<div class=\"elementor-widget-container\">\n\t\t\t\t\t<div class=\"vehica-social-profiles\">\n            <div class=\"vehica-social-profiles__v1\">\n                            <div class=\"vehica-social-icon\">\n                    <a\n                            href=\"#\"\n                            title=\"Facebook\"\n                            target=\"_blank\"\n                    >\n                        <svg xmlns=\"http:\/\/www.w3.org\/2000\/svg\" viewbox=\"0 0 320 512\">\n                            <!--!Font Awesome Free 6.5.1 by @fontawesome - https:\/\/fontawesome.com License - https:\/\/fontawesome.com\/license\/free Copyright 2024 Fonticons, Inc.-->\n                            <path d=\"M80 299.3V512H196V299.3h86.5l18-97.8H196V166.9c0-51.7 20.3-71.5 72.7-71.5c16.3 0 29.4 .4 37 1.2V7.9C291.4 4 256.4 0 236.2 0C129.3 0 80 50.5 80 159.4v42.1H14v97.8H80z\"\/>\n                        <\/svg>\n                    <\/a>\n                <\/div>\n            \n            \n                            <div class=\"vehica-social-icon\">\n                    <a\n                            href=\"#\"\n                            title=\"Instagram\"\n                            target=\"_blank\"\n                    >\n                        <svg xmlns=\"http:\/\/www.w3.org\/2000\/svg\" viewbox=\"0 0 448 512\">\n                            <!--!Font Awesome Free 6.5.1 by @fontawesome - https:\/\/fontawesome.com License - https:\/\/fontawesome.com\/license\/free Copyright 2024 Fonticons, Inc.-->\n                            <path d=\"M224.1 141c-63.6 0-114.9 51.3-114.9 114.9s51.3 114.9 114.9 114.9S339 319.5 339 255.9 287.7 141 224.1 141zm0 189.6c-41.1 0-74.7-33.5-74.7-74.7s33.5-74.7 74.7-74.7 74.7 33.5 74.7 74.7-33.6 74.7-74.7 74.7zm146.4-194.3c0 14.9-12 26.8-26.8 26.8-14.9 0-26.8-12-26.8-26.8s12-26.8 26.8-26.8 26.8 12 26.8 26.8zm76.1 27.2c-1.7-35.9-9.9-67.7-36.2-93.9-26.2-26.2-58-34.4-93.9-36.2-37-2.1-147.9-2.1-184.9 0-35.8 1.7-67.6 9.9-93.9 36.1s-34.4 58-36.2 93.9c-2.1 37-2.1 147.9 0 184.9 1.7 35.9 9.9 67.7 36.2 93.9s58 34.4 93.9 36.2c37 2.1 147.9 2.1 184.9 0 35.9-1.7 67.7-9.9 93.9-36.2 26.2-26.2 34.4-58 36.2-93.9 2.1-37 2.1-147.8 0-184.8zM398.8 388c-7.8 19.6-22.9 34.7-42.6 42.6-29.5 11.7-99.5 9-132.1 9s-102.7 2.6-132.1-9c-19.6-7.8-34.7-22.9-42.6-42.6-11.7-29.5-9-99.5-9-132.1s-2.6-102.7 9-132.1c7.8-19.6 22.9-34.7 42.6-42.6 29.5-11.7 99.5-9 132.1-9s102.7-2.6 132.1 9c19.6 7.8 34.7 22.9 42.6 42.6 11.7 29.5 9 99.5 9 132.1s2.7 102.7-9 132.1z\"\/>\n                        <\/svg>\n                    <\/a>\n                <\/div>\n            \n            \n            \n                            <div class=\"vehica-social-icon\">\n                    <a\n                            href=\"#\"\n                            title=\"TikTok\"\n                            target=\"_blank\"\n                    >\n                        <svg xmlns=\"http:\/\/www.w3.org\/2000\/svg\" viewbox=\"0 0 448 512\">\n                            <!--!Font Awesome Free 6.5.1 by @fontawesome - https:\/\/fontawesome.com License - https:\/\/fontawesome.com\/license\/free Copyright 2024 Fonticons, Inc.-->\n                            <path d=\"M448 209.9a210.1 210.1 0 0 1 -122.8-39.3V349.4A162.6 162.6 0 1 1 185 188.3V278.2a74.6 74.6 0 1 0 52.2 71.2V0l88 0a121.2 121.2 0 0 0 1.9 22.2h0A122.2 122.2 0 0 0 381 102.4a121.4 121.4 0 0 0 67 20.1z\"\/>\n                        <\/svg>\n                    <\/a>\n                <\/div>\n            \n                    <\/div>\n    <\/div>\t\t\t\t<\/div>\n\t\t\t\t<\/div>\n\t\t\t\t<\/div>\n\t\t\t\t\t<\/div>\n\t\t\t\t<\/div>\n\t\t\t\t<\/div>","protected":false},"excerpt":{"rendered":"<p>Conditions d\u2019utilisation En utilisant le site Rhodium Motors Dz, vous acceptez les conditions suivantes : Transparence :Tous les prix et sp\u00e9cifications sont clairement indiqu\u00e9s. Aucun frais cach\u00e9. Commande et confirmation :L\u2019enregistrement d\u2019une commande n\u00e9cessite l\u2019envoi d\u2019une copie du passeport et un acompte de 20 %. Paiement :Les paiements doivent \u00eatre effectu\u00e9s uniquement via les canaux [&hellip;]<\/p>","protected":false},"author":1,"featured_media":0,"parent":0,"menu_order":0,"comment_status":"closed","ping_status":"closed","template":"","meta":{"footnotes":""},"class_list":["post-24091","page","type-page","status-publish","hentry"],"yoast_head":"<!-- This site is optimized with the Yoast SEO plugin v26.2 - https:\/\/yoast.com\/wordpress\/plugins\/seo\/ -->\n<title>Conditions d\u2019utilisation - Rhodium Motors Dz<\/title>\n<meta name=\"robots\" content=\"index, follow, max-snippet:-1, max-image-preview:large, max-video-preview:-1\" \/>\n<link rel=\"canonical\" href=\"https:\/\/rhodium-motorsdz.com\/ar\/conditions-dutilisation\/\" \/>\n<meta property=\"og:locale\" content=\"ar_AR\" \/>\n<meta property=\"og:type\" content=\"article\" \/>\n<meta property=\"og:title\" content=\"Conditions d\u2019utilisation - Rhodium Motors Dz\" \/>\n<meta property=\"og:description\" content=\"Conditions d\u2019utilisation En utilisant le site Rhodium Motors Dz, vous acceptez les conditions suivantes : Transparence :Tous les prix et sp\u00e9cifications sont clairement indiqu\u00e9s. Aucun frais cach\u00e9. Commande et confirmation :L\u2019enregistrement d\u2019une commande n\u00e9cessite l\u2019envoi d\u2019une copie du passeport et un acompte de 20 %. Paiement :Les paiements doivent \u00eatre effectu\u00e9s uniquement via les canaux [&hellip;]\" \/>\n<meta property=\"og:url\" content=\"https:\/\/rhodium-motorsdz.com\/ar\/conditions-dutilisation\/\" \/>\n<meta property=\"og:site_name\" content=\"Rhodium Motors Dz\" \/>\n<meta property=\"article:modified_time\" content=\"2025-11-01T05:50:28+00:00\" \/>\n<meta name=\"twitter:card\" content=\"summary_large_image\" \/>\n<script type=\"application\/ld+json\" class=\"yoast-schema-graph\">{\"@context\":\"https:\/\/schema.org\",\"@graph\":[{\"@type\":\"WebPage\",\"@id\":\"https:\/\/rhodium-motorsdz.com\/conditions-dutilisation\/\",\"url\":\"https:\/\/rhodium-motorsdz.com\/conditions-dutilisation\/\",\"name\":\"Conditions d\u2019utilisation - Rhodium Motors Dz\",\"isPartOf\":{\"@id\":\"https:\/\/rhodium-motorsdz.com\/#website\"},\"datePublished\":\"2025-10-22T05:03:28+00:00\",\"dateModified\":\"2025-11-01T05:50:28+00:00\",\"breadcrumb\":{\"@id\":\"https:\/\/rhodium-motorsdz.com\/conditions-dutilisation\/#breadcrumb\"},\"inLanguage\":\"ar\",\"potentialAction\":[{\"@type\":\"ReadAction\",\"target\":[\"https:\/\/rhodium-motorsdz.com\/conditions-dutilisation\/\"]}]},{\"@type\":\"BreadcrumbList\",\"@id\":\"https:\/\/rhodium-motorsdz.com\/conditions-dutilisation\/#breadcrumb\",\"itemListElement\":[{\"@type\":\"ListItem\",\"position\":1,\"name\":\"Home\",\"item\":\"https:\/\/rhodium-motorsdz.com\/\"},{\"@type\":\"ListItem\",\"position\":2,\"name\":\"Conditions d\u2019utilisation\"}]},{\"@type\":\"WebSite\",\"@id\":\"https:\/\/rhodium-motorsdz.com\/#website\",\"url\":\"https:\/\/rhodium-motorsdz.com\/\",\"name\":\"Rhodium Motors Dz\",\"description\":\"\",\"publisher\":{\"@id\":\"https:\/\/rhodium-motorsdz.com\/#organization\"},\"potentialAction\":[{\"@type\":\"SearchAction\",\"target\":{\"@type\":\"EntryPoint\",\"urlTemplate\":\"https:\/\/rhodium-motorsdz.com\/?s={search_term_string}\"},\"query-input\":{\"@type\":\"PropertyValueSpecification\",\"valueRequired\":true,\"valueName\":\"search_term_string\"}}],\"inLanguage\":\"ar\"},{\"@type\":\"Organization\",\"@id\":\"https:\/\/rhodium-motorsdz.com\/#organization\",\"name\":\"Rhodium Motors Dz\",\"url\":\"https:\/\/rhodium-motorsdz.com\/\",\"logo\":{\"@type\":\"ImageObject\",\"inLanguage\":\"ar\",\"@id\":\"https:\/\/rhodium-motorsdz.com\/#\/schema\/logo\/image\/\",\"url\":\"https:\/\/rhodium-motorsdz.com\/wp-content\/uploads\/2025\/11\/Achetez-des-voitures-aux-meilleurs-prix-avec-Rhodium-Motors-Dz.webp\",\"contentUrl\":\"https:\/\/rhodium-motorsdz.com\/wp-content\/uploads\/2025\/11\/Achetez-des-voitures-aux-meilleurs-prix-avec-Rhodium-Motors-Dz.webp\",\"width\":222,\"height\":86,\"caption\":\"Rhodium Motors Dz\"},\"image\":{\"@id\":\"https:\/\/rhodium-motorsdz.com\/#\/schema\/logo\/image\/\"}}]}<\/script>\n<!-- \/ Yoast SEO plugin. -->","yoast_head_json":{"title":"Conditions d\u2019utilisation - Rhodium Motors Dz","robots":{"index":"index","follow":"follow","max-snippet":"max-snippet:-1","max-image-preview":"max-image-preview:large","max-video-preview":"max-video-preview:-1"},"canonical":"https:\/\/rhodium-motorsdz.com\/ar\/conditions-dutilisation\/","og_locale":"ar_AR","og_type":"article","og_title":"Conditions d\u2019utilisation - Rhodium Motors Dz","og_description":"Conditions d\u2019utilisation En utilisant le site Rhodium Motors Dz, vous acceptez les conditions suivantes : Transparence :Tous les prix et sp\u00e9cifications sont clairement indiqu\u00e9s. Aucun frais cach\u00e9. Commande et confirmation :L\u2019enregistrement d\u2019une commande n\u00e9cessite l\u2019envoi d\u2019une copie du passeport et un acompte de 20 %. Paiement :Les paiements doivent \u00eatre effectu\u00e9s uniquement via les canaux [&hellip;]","og_url":"https:\/\/rhodium-motorsdz.com\/ar\/conditions-dutilisation\/","og_site_name":"Rhodium Motors Dz","article_modified_time":"2025-11-01T05:50:28+00:00","twitter_card":"summary_large_image","schema":{"@context":"https:\/\/schema.org","@graph":[{"@type":"WebPage","@id":"https:\/\/rhodium-motorsdz.com\/conditions-dutilisation\/","url":"https:\/\/rhodium-motorsdz.com\/conditions-dutilisation\/","name":"Conditions d\u2019utilisation - Rhodium Motors Dz","isPartOf":{"@id":"https:\/\/rhodium-motorsdz.com\/#website"},"datePublished":"2025-10-22T05:03:28+00:00","dateModified":"2025-11-01T05:50:28+00:00","breadcrumb":{"@id":"https:\/\/rhodium-motorsdz.com\/conditions-dutilisation\/#breadcrumb"},"inLanguage":"ar","potentialAction":[{"@type":"ReadAction","target":["https:\/\/rhodium-motorsdz.com\/conditions-dutilisation\/"]}]},{"@type":"BreadcrumbList","@id":"https:\/\/rhodium-motorsdz.com\/conditions-dutilisation\/#breadcrumb","itemListElement":[{"@type":"ListItem","position":1,"name":"Home","item":"https:\/\/rhodium-motorsdz.com\/"},{"@type":"ListItem","position":2,"name":"Conditions d\u2019utilisation"}]},{"@type":"WebSite","@id":"https:\/\/rhodium-motorsdz.com\/#website","url":"https:\/\/rhodium-motorsdz.com\/","name":"\u0631\u0648\u062f\u064a\u0648\u0645 \u0645\u0648\u062a\u0648\u0631\u0632 \u0627\u0644\u062c\u0632\u0627\u0626\u0631","description":"","publisher":{"@id":"https:\/\/rhodium-motorsdz.com\/#organization"},"potentialAction":[{"@type":"SearchAction","target":{"@type":"EntryPoint","urlTemplate":"https:\/\/rhodium-motorsdz.com\/?s={search_term_string}"},"query-input":{"@type":"PropertyValueSpecification","valueRequired":true,"valueName":"search_term_string"}}],"inLanguage":"ar"},{"@type":"Organization","@id":"https:\/\/rhodium-motorsdz.com\/#organization","name":"\u0631\u0648\u062f\u064a\u0648\u0645 \u0645\u0648\u062a\u0648\u0631\u0632 \u0627\u0644\u062c\u0632\u0627\u0626\u0631","url":"https:\/\/rhodium-motorsdz.com\/","logo":{"@type":"ImageObject","inLanguage":"ar","@id":"https:\/\/rhodium-motorsdz.com\/#\/schema\/logo\/image\/","url":"https:\/\/rhodium-motorsdz.com\/wp-content\/uploads\/2025\/11\/Achetez-des-voitures-aux-meilleurs-prix-avec-Rhodium-Motors-Dz.webp","contentUrl":"https:\/\/rhodium-motorsdz.com\/wp-content\/uploads\/2025\/11\/Achetez-des-voitures-aux-meilleurs-prix-avec-Rhodium-Motors-Dz.webp","width":222,"height":86,"caption":"Rhodium Motors Dz"},"image":{"@id":"https:\/\/rhodium-motorsdz.com\/#\/schema\/logo\/image\/"}}]}},"_links":{"self":[{"href":"https:\/\/rhodium-motorsdz.com\/ar\/wp-json\/wp\/v2\/pages\/24091","targetHints":{"allow":["GET"]}}],"collection":[{"href":"https:\/\/rhodium-motorsdz.com\/ar\/wp-json\/wp\/v2\/pages"}],"about":[{"href":"https:\/\/rhodium-motorsdz.com\/ar\/wp-json\/wp\/v2\/types\/page"}],"author":[{"embeddable":true,"href":"https:\/\/rhodium-motorsdz.com\/ar\/wp-json\/wp\/v2\/users\/1"}],"replies":[{"embeddable":true,"href":"https:\/\/rhodium-motorsdz.com\/ar\/wp-json\/wp\/v2\/comments?post=24091"}],"version-history":[{"count":16,"href":"https:\/\/rhodium-motorsdz.com\/ar\/wp-json\/wp\/v2\/pages\/24091\/revisions"}],"predecessor-version":[{"id":24673,"href":"https:\/\/rhodium-motorsdz.com\/ar\/wp-json\/wp\/v2\/pages\/24091\/revisions\/24673"}],"wp:attachment":[{"href":"https:\/\/rhodium-motorsdz.com\/ar\/wp-json\/wp\/v2\/media?parent=24091"}],"curies":[{"name":"wp","href":"https:\/\/api.w.org\/{rel}","templated":true}]}}